{"id":45501,"date":"2025-07-29T11:56:18","date_gmt":"2025-07-29T09:56:18","guid":{"rendered":"https:\/\/consumidors.org\/legal-notice\/"},"modified":"2025-07-29T11:56:18","modified_gmt":"2025-07-29T09:56:18","slug":"legal-notice","status":"publish","type":"page","link":"https:\/\/consumidors.org\/en\/legal-notice\/","title":{"rendered":"Legal Notice"},"content":{"rendered":"<p>This website is owned by UNI\u00d3 DE CONSUMIDORS DE CATALUNYA with CIF G-58039348 and address at Rambla de Santa M\u00f2nica, Ciutat Vella N\u00ba 10, Baixos<br \/>\n08002 Barcelona Barcelona<\/p>\n<p>For any queries or proposals, contact us at the e-mail: ucc@consumidors.org<\/p>\n<p>This website is governed by the regulations exclusively applicable in Spain, and both nationals and foreigners who use this website are subject to them.<\/p>\n<p>Access to our website by the USER is free and is conditional on prior reading and full, express and unreserved acceptance of these GENERAL CONDITIONS OF USE in force at the time of access, which we ask you to read carefully. The USER, when using our portal, its contents or services, expressly accepts and submits to the general conditions of use thereof. If the user does not agree with these conditions of use, he must refrain from using this portal and operating through it.  <\/p>\n<p>At any time we may modify the presentation and configuration of our Website, expand or reduce services, and even delete it from the Network, as well as the services and content provided, all of this unilaterally and without prior notice.<\/p>\n<p><strong>A. INTELLECTUAL PROPERTY<\/strong><\/p>\n<p>All content, texts, images, brands and source codes are our property or that of third parties from whom we have acquired their exploitation rights, and are protected by Intellectual and Industrial Property rights.<\/p>\n<p>The user only has the right to private, non-profit use of them, and needs express authorization to modify, reproduce, exploit, distribute or exercise any right belonging to their owner.<\/p>\n<p><strong>B. ACCESS CONDITIONS<\/strong><\/p>\n<p>Access to our website is free and does not require prior subscription or registration.<\/p>\n<p>The sending of personal data implies the express acceptance by the USER of our privacy policy.<\/p>\n<p>The user must access our website in accordance with good faith, public order regulations and these General Conditions of Use.<\/p>\n<p>Access to our website is at the sole and exclusive risk of the user, who will be responsible in any case for any damages that may be caused to third parties or to ourselves.<\/p>\n<p>Taking into account the impossibility of control over the information, content and services contained in other websites that can be accessed through the links that our website may make available to you, we inform you that we are exempt from any liability for damages of any kind that may arise from the use of these websites, external to our company, by the user.<\/p>\n<p><strong>C. PRIVACY POLICY<\/strong><\/p>\n<p>Confidentiality and security are core values \u200b\u200bof the CONSUMER UNION OF CATALONIA<i> <\/i>and, consequently, we undertake to guarantee the User&#8217;s privacy at all times and not to collect unnecessary information. Below, we provide you with all the necessary information about our Privacy Policy in relation to the personal data we collect, explaining: <\/p>\n<p>Who is responsible for the processing of your data?<br \/>\nFor what purposes do we request the data we request from you?<br \/>\nWhat is the legitimacy for its processing?<br \/>\nFor how long do we keep it?<br \/>\nTo whom are your data communicated?<br \/>\nWhat are your rights?<\/p>\n<p>1. RESPONSIBLE: see data in the header.<\/p>\n<p>2. PURPOSES, LEGITIMATION AND CONSERVATION of the processing of data sent through:<\/p>\n<p>\u2022 Contact Form.<\/p>\n<p>Purpose: To provide a means for you to contact us and answer your requests for information, as well as send you communications about our products, services and activities, including by electronic means (email, SMS, WhatsApp), if you check the acceptance box.<\/p>\n<p>Legitimation: The user&#8217;s consent when requesting information through our contact form and checking the box accepting the sending of information.<\/p>\n<p>Conservation: Once your request has been resolved through our form or answered by email, if it has not generated a new treatment, and if you have agreed to receive commercial mailings, until you request their cancellation.<\/p>\n<p>\u2022 Sending emails.<\/p>\n<p>Purpose: To answer your requests for information, attend to your requests and respond to your queries or doubts. In the event of receiving your Curriculum Vitae, your personal and curricular data may form part of our databases to participate in our present and future selection processes. <\/p>\n<p>Legitimation: The user&#8217;s consent when requesting information from us via email or sending us their data and CV to participate in our selection processes.<\/p>\n<p>Conservation: Once your request is answered by email, if it has not generated a new treatment. In the case of receiving your CV, your data may be kept for a maximum of one year for future selection processes. <\/p>\n<p>Obligation to provide your personal data and consequences of not doing so.<\/p>\n<p>El subministrament de dades personals requereix una edat m\u00ednima de 18 anys, o, si s&#8217;escau, disposar de capacitat jur\u00eddica suficient per contractar.<\/p>\n<p>The provision of personal data requires a minimum age of 18 years, or, where applicable, having sufficient legal capacity to contract.<\/p>\n<p>In any case, we reserve the right to decide whether or not to incorporate your personal data and other information into our databases.<\/p>\n<p>3. RECIPIENTS OF YOUR DATA.<\/p>\n<p>Your data is confidential and will not be transferred to third parties, unless there is a legal obligation.<\/p>\n<p>4. RIGHTS IN RELATION TO YOUR PERSONAL DATA.<\/p>\n<p>Any person may withdraw their consent at any time, once it has been granted for the processing of their data.<\/p>\n<p>In no case does the withdrawal of this consent condition the execution of the subscription contract or the relationships generated previously.<\/p>\n<p>Likewise, you can exercise the following rights:<\/p>\n<p>Request access to your personal data or its rectification when it is inaccurate.<br \/>\nRequest its deletion when, among other reasons, the data is no longer necessary for the purposes for which it was collected.<br \/>\nRequest the limitation of your processing in certain circumstances.<br \/>\nRequest opposition to the processing of your data for reasons related to your particular situation.<br \/>\nRequest data portability in the cases provided for by regulations.<br \/>\nOther rights recognized in applicable regulations.<br \/>\nWhere and how to request your Rights: By writing to the person responsible at their postal or electronic address (indicated in section A), indicating the reference &#8216;Personal Data&#8217;, specifying the right you wish to exercise and with respect to which personal data.<\/p>\n<p>In case of disagreements with the company regarding the processing of your data, you can file a complaint with the Data Protection Agency (www.agpd.es).<\/p>\n<p>5. SECURITY OF YOUR PERSONAL DATA<\/p>\n<p>With the aim of safeguarding the security of your personal data, we inform you that we have adopted all the necessary technical and organizational measures to guarantee the security of the personal data provided against alteration, loss and unauthorized processing or access.<\/p>\n<p>6. UPDATE OF YOUR DATA<\/p>\n<p>It is important that so that we can keep your personal data updated, you inform us whenever there has been any modification to them, otherwise, we are not responsible for the veracity of the same.<\/p>\n<p>We are not responsible for the privacy policy regarding personal data that you may provide to third parties through the links available on our website.<\/p>\n<p>This Privacy Policy may be modified to adapt to changes that occur on our website, as well as legislative or jurisprudential modifications regarding personal data that may appear, so it is necessary to read it every time you provide us with your data through this website.<\/p>\n<p>D. RESPONSIBILITIES<\/p>\n<p>By making this website available to the user, we want to offer them a quality service, using the utmost diligence in providing it, as well as in the technological means used. However, we will not be responsible for the presence of viruses and other elements that may in any way damage the user&#8217;s computer system.<\/p>\n<p>We do not guarantee that the availability of the service will be continuous and uninterrupted.<\/p>\n<p>The USER is prohibited from taking any type of action on our portal that causes an excessive operating overload on our computer systems, as well as the introduction of viruses, or installation of robots, or software that alters the normal operation of our website, or ultimately may cause damage to our computer systems.<\/p>\n<p>THE USER assumes all responsibility arising from the use of our website.<\/p>\n<p>The USER acknowledges that he has understood all the information regarding the conditions of use of our portal, and acknowledges that they are sufficient to exclude errors in them, and therefore, accepts them fully and expressly.<\/p>\n<p><a href=\"https:\/\/www.nivelz.com\/\">Disseny web<\/a> Nivel Z<\/p>\n","protected":false},"excerpt":{"rendered":"<p>This website is owned by UNI\u00d3 DE CONSUMIDORS DE CATALUNYA with CIF G-58039348 and address at Rambla de Santa M\u00f2nica, Ciutat Vella N\u00ba 10, Baixos 08002 Barcelona Barcelona For any queries or proposals, contact us at the e-mail: ucc@consumidors.org This website is governed by the regulations exclusively applicable in Spain, and both nationals and foreigners [&hellip;]<\/p>\n","protected":false},"author":1,"featured_media":0,"parent":0,"menu_order":0,"comment_status":"closed","ping_status":"closed","template":"","meta":{"_et_pb_use_builder":"","_et_pb_old_content":"","_et_gb_content_width":"","footnotes":""},"class_list":["post-45501","page","type-page","status-publish","hentry"],"yoast_head":"<!-- This site is optimized with the Yoast SEO plugin v27.0 - https:\/\/yoast.com\/product\/yoast-seo-wordpress\/ -->\n<title>Legal Notice - Uni\u00f3 Consumidors<\/title>\n<meta name=\"robots\" content=\"index, follow, max-snippet:-1, max-image-preview:large, max-video-preview:-1\" \/>\n<link rel=\"canonical\" href=\"https:\/\/consumidors.org\/en\/legal-notice\/\" \/>\n<meta property=\"og:locale\" content=\"en_US\" \/>\n<meta property=\"og:type\" content=\"article\" \/>\n<meta property=\"og:title\" content=\"Legal Notice - Uni\u00f3 Consumidors\" \/>\n<meta property=\"og:description\" content=\"This website is owned by UNI\u00d3 DE CONSUMIDORS DE CATALUNYA with CIF G-58039348 and address at Rambla de Santa M\u00f2nica, Ciutat Vella N\u00ba 10, Baixos 08002 Barcelona Barcelona For any queries or proposals, contact us at the e-mail: ucc@consumidors.org This website is governed by the regulations exclusively applicable in Spain, and both nationals and foreigners [&hellip;]\" \/>\n<meta property=\"og:url\" content=\"https:\/\/consumidors.org\/en\/legal-notice\/\" \/>\n<meta property=\"og:site_name\" content=\"Uni\u00f3 Consumidors\" \/>\n<meta name=\"twitter:card\" content=\"summary_large_image\" \/>\n<meta name=\"twitter:label1\" content=\"Est. reading time\" \/>\n\t<meta name=\"twitter:data1\" content=\"7 minutes\" \/>\n<!-- \/ Yoast SEO plugin. -->","yoast_head_json":{"title":"Legal Notice - Uni\u00f3 Consumidors","robots":{"index":"index","follow":"follow","max-snippet":"max-snippet:-1","max-image-preview":"max-image-preview:large","max-video-preview":"max-video-preview:-1"},"canonical":"https:\/\/consumidors.org\/en\/legal-notice\/","og_locale":"en_US","og_type":"article","og_title":"Legal Notice - Uni\u00f3 Consumidors","og_description":"This website is owned by UNI\u00d3 DE CONSUMIDORS DE CATALUNYA with CIF G-58039348 and address at Rambla de Santa M\u00f2nica, Ciutat Vella N\u00ba 10, Baixos 08002 Barcelona Barcelona For any queries or proposals, contact us at the e-mail: ucc@consumidors.org This website is governed by the regulations exclusively applicable in Spain, and both nationals and foreigners [&hellip;]","og_url":"https:\/\/consumidors.org\/en\/legal-notice\/","og_site_name":"Uni\u00f3 Consumidors","twitter_card":"summary_large_image","twitter_misc":{"Est. reading time":"7 minutes"},"schema":{"@context":"https:\/\/schema.org","@graph":[{"@type":"WebPage","@id":"https:\/\/consumidors.org\/en\/legal-notice\/","url":"https:\/\/consumidors.org\/en\/legal-notice\/","name":"Legal Notice - Uni\u00f3 Consumidors","isPartOf":{"@id":"https:\/\/consumidors.org\/en\/#website"},"datePublished":"2025-07-29T09:56:18+00:00","breadcrumb":{"@id":"https:\/\/consumidors.org\/en\/legal-notice\/#breadcrumb"},"inLanguage":"en-US","potentialAction":[{"@type":"ReadAction","target":["https:\/\/consumidors.org\/en\/legal-notice\/"]}]},{"@type":"BreadcrumbList","@id":"https:\/\/consumidors.org\/en\/legal-notice\/#breadcrumb","itemListElement":[{"@type":"ListItem","position":1,"name":"Inici","item":"https:\/\/consumidors.org\/en\/"},{"@type":"ListItem","position":2,"name":"Legal Notice"}]},{"@type":"WebSite","@id":"https:\/\/consumidors.org\/en\/#website","url":"https:\/\/consumidors.org\/en\/","name":"Uni\u00f3 Consumidors","description":"","publisher":{"@id":"https:\/\/consumidors.org\/en\/#organization"},"potentialAction":[{"@type":"SearchAction","target":{"@type":"EntryPoint","urlTemplate":"https:\/\/consumidors.org\/en\/?s={search_term_string}"},"query-input":{"@type":"PropertyValueSpecification","valueRequired":true,"valueName":"search_term_string"}}],"inLanguage":"en-US"},{"@type":"Organization","@id":"https:\/\/consumidors.org\/en\/#organization","name":"Uni\u00f3 Consumidors","url":"https:\/\/consumidors.org\/en\/","logo":{"@type":"ImageObject","inLanguage":"en-US","@id":"https:\/\/consumidors.org\/en\/#\/schema\/logo\/image\/","url":"https:\/\/consumidors.org\/wp-content\/uploads\/2025\/04\/logo.jpg","contentUrl":"https:\/\/consumidors.org\/wp-content\/uploads\/2025\/04\/logo.jpg","width":600,"height":264,"caption":"Uni\u00f3 Consumidors"},"image":{"@id":"https:\/\/consumidors.org\/en\/#\/schema\/logo\/image\/"}}]}},"_links":{"self":[{"href":"https:\/\/consumidors.org\/en\/wp-json\/wp\/v2\/pages\/45501","targetHints":{"allow":["GET"]}}],"collection":[{"href":"https:\/\/consumidors.org\/en\/wp-json\/wp\/v2\/pages"}],"about":[{"href":"https:\/\/consumidors.org\/en\/wp-json\/wp\/v2\/types\/page"}],"author":[{"embeddable":true,"href":"https:\/\/consumidors.org\/en\/wp-json\/wp\/v2\/users\/1"}],"replies":[{"embeddable":true,"href":"https:\/\/consumidors.org\/en\/wp-json\/wp\/v2\/comments?post=45501"}],"version-history":[{"count":0,"href":"https:\/\/consumidors.org\/en\/wp-json\/wp\/v2\/pages\/45501\/revisions"}],"wp:attachment":[{"href":"https:\/\/consumidors.org\/en\/wp-json\/wp\/v2\/media?parent=45501"}],"curies":[{"name":"wp","href":"https:\/\/api.w.org\/{rel}","templated":true}]}}