{"id":45560,"date":"2025-07-29T11:56:18","date_gmt":"2025-07-29T09:56:18","guid":{"rendered":"https:\/\/consumidors.org\/aviso-legal\/"},"modified":"2025-10-16T11:11:31","modified_gmt":"2025-10-16T09:11:31","slug":"aviso-legal","status":"publish","type":"page","link":"https:\/\/consumidors.org\/es\/aviso-legal\/","title":{"rendered":"Aviso legal"},"content":{"rendered":"<p>Esta p\u00e1gina Web es propiedad de UNI\u00d3N DE CONSUMIDORAS DE CATALU\u00d1A con CIF G-58039348 y domicilio en Rambla de Santa M\u00f3nica, Ciutat Vella N\u00ba 10, Bajos<br \/>08002 Barcelona Barcelona<\/p>\n<p>Para cualquier consulta o propuesta, cont\u00e1ctenos en el e-mail: ucc@consumidors.org<\/p>\n<p>Esta p\u00e1gina Web se rige por la normativa exclusivamente aplicable en Espa\u00f1a, quedando sometida a ella, tanto nacionales como extranjeros que utilicen esta Web.<\/p>\n<p>El acceso a nuestra p\u00e1gina web por parte del USUARIO es gratuito y est\u00e1 condicionado a la previa lectura y aceptaci\u00f3n integra, expresa y sin reservas de las presentes CONDICIONES GENERALES DE USO vigentes en el momento del acceso, que rogamos lea detenidamente. El USUARIO en el momento que utiliza nuestro portal, sus contenidos o servicios, acepta y se somete expresamente a las condiciones generales de uso del mismo. Si el usuario no estuviera de acuerdo con las presentes condiciones de uso, deber\u00e1 abstenerse de utilizar este portal y operar por medio del mismo.  <\/p>\n<p>En cualquier momento podremos modificar la presentaci\u00f3n y configuraci\u00f3n de nuestra Web, ampliar o reducir servicios, e incluso suprimirla de la Red, as\u00ed como los servicios y contenidos prestados, todo ello de forma unilateral y sin previo aviso.<\/p>\n<p><strong>A. PROPIEDAD INTELECTUAL<\/strong><\/p>\n<p>Todos los contenidos, textos, im\u00e1genes, marcas y c\u00f3digos fuente son de nuestra propiedad o de terceros a los que se les han adquirido sus derechos de explotaci\u00f3n, y est\u00e1n protegidos por los derechos de Propiedad Intelectual e Industrial.<\/p>\n<p>El usuario \u00fanicamente tiene derecho a un uso privado de los mismos, sin \u00e1nimo de lucro, y necesita autorizaci\u00f3n expresa para modificarlos, reproducirlos, explotarlos, distribuirlos o ejercer cualquier derecho perteneciente a su titular.<\/p>\n<p><strong>B. CONDICIONES DE ACCESO<\/strong><\/p>\n<p>El acceso a nuestra p\u00e1gina web es gratuito y no exige suscripci\u00f3n previa o registro.<\/p>\n<p>El env\u00edo de datos personales implica la aceptaci\u00f3n expresa por parte del USUARIO de nuestra pol\u00edtica de privacidad.<\/p>\n<p>El usuario debe acceder a nuestra p\u00e1gina web conforme a la buena fe, las normas de orden p\u00fablico y las presentes Condiciones Generales de uso.<\/p>\n<p>El acceso a nuestro sitio Web se realiza bajo la propia y exclusiva del usuario, que responder\u00e1 en todo caso de los da\u00f1os y perjuicios que pueda causar a terceros oa nosotros mismos.<\/p>\n<p>Teniendo en cuenta la imposibilidad de control respecto a la informaci\u00f3n, contenidos y servicios que contengan otras p\u00e1ginas web a los que se pueda acceder a trav\u00e9s de los enlaces que nuestra p\u00e1gina web pueda poner a su disposici\u00f3n, le comunicamos que quedamos eximidos de cualquier responsabilidad por los da\u00f1os y perjuicios de toda clase que pudieran derivarse por la utilizaci\u00f3n de estas p\u00e1ginas web, ajenas a nuestra empresa.<\/p>\n<p><strong>C. POL\u00cdTICA DE PRIVACIDAD<\/strong><\/p>\n<p>La confidencialidad y la seguridad son valores primordiales de UNI\u00d3 DE CONSUMIDORES DE CATALU\u00d1A<i> <\/i>y, en consecuencia, asumimos el compromiso de garantizar la privacidad del Usuario en todo momento y de no recabar informaci\u00f3n innecesaria. A continuaci\u00f3n, le proporcionamos toda la informaci\u00f3n necesaria sobre nuestra Pol\u00edtica de Privacidad en relaci\u00f3n con los datos personales que recabamos, explic\u00e1ndole: <\/p>\n<p>Quien es el responsable del tratamiento de sus datos.<br \/>\nPor qu\u00e9 fines pedimos los datos que le pedimos.<br \/>\n\u00bfCu\u00e1l es la legitimaci\u00f3n para su tratamiento.<br \/>\nDurante cu\u00e1nto tiempo los conservamos.<br \/>\nA qu\u00e9 destinatarios se le comunican sus datos.<br \/>\n\u00bfCu\u00e1les son sus derechos?<\/p>\n<p>1. RESPONSABLE: ver datos en el encabezamiento.<\/p>\n<p>2. FINALIDADES, LEGITIMACI\u00d3N Y CONSERVACI\u00d3N de los tratamientos de los datos enviados a trav\u00e9s de:<\/p>\n<p>\u2022 Formulario de Contacto.<\/p>\n<p>Finalidad: Facilitar un medio para que pueda ponerse en contacto con nosotros y contestar a sus solicitudes de informaci\u00f3n, as\u00ed como enviarle comunicaciones de nuestros productos, servicios y actividades, inclusive por medios electr\u00f3nicos (correo electr\u00f3nico, SMS, WhatsApp), si marca la casilla de aceptaci\u00f3n.<\/p>\n<p>Legitimaci\u00f3n: El consentimiento del usuario al solicitarnos informaci\u00f3n a trav\u00e9s de nuestro formulario de contactos y al marcar la casilla de aceptaci\u00f3n de env\u00edo de informaci\u00f3n.<\/p>\n<p>Conservaci\u00f3n: Una vez resuelta su solicitud por medio de nuestro formulario o contestada por correo electr\u00f3nico, si no ha generado un nuevo tratamiento, y en caso de haber aceptado recibir env\u00edos comerciales, hasta que solicite la baja de los mismos.<\/p>\n<p>\u2022 Env\u00edo de correos electr\u00f3nicos.<\/p>\n<p>Finalidad: Contestar sus solicitudes de informaci\u00f3n, atender sus peticiones y responder a sus consultas o dudas. En caso de recibir su Curr\u00edculum Vitae, sus datos personales y curriculares podr\u00e1n formar parte de nuestras bases de datos para participar en nuestros procesos de selecci\u00f3n presentes y futuros. <\/p>\n<p>Legitimaci\u00f3n: El consentimiento del usuario al solicitarnos informaci\u00f3n a trav\u00e9s de la direcci\u00f3n de correo electr\u00f3nico o enviarnos sus datos y CV para participar en nuestros procesos de selecci\u00f3n.<\/p>\n<p>Conservaci\u00f3n: Una vez contestada su petici\u00f3n por correo electr\u00f3nico, si no ha generado un nuevo tratamiento. En caso de recibir su CV, sus datos podr\u00e1n ser conservados durante un a\u00f1o m\u00e1ximo para futuros procesos de selecci\u00f3n. <\/p>\n<p>Obligaci\u00f3n de facilitar sus datos personales y consecuencias de no hacerlo.<\/p>\n<p>El suministro de datos personales requiere una edad m\u00ednima de 18 a\u00f1os, o, en su caso, disponer de capacidad jur\u00eddica suficiente para contratar.<\/p>\n<p>Los datos personales solicitados son necesarios para gestionar sus solicitudes, darle de alta como usuario y\/o prestarle los servicios que pueda contratar, por lo que, si no nos los facilita, no podremos atender correctamente ni prestarle el servicio que ha solicitado.<\/p>\n<p>En cualquier caso, nos reservamos el derecho de decidir sobre la incorporaci\u00f3n o no de sus datos personales y otra informaci\u00f3n en nuestras bases de datos.<\/p>\n<p>3. DESTINATARIOS DE SUS DATOS.<\/p>\n<p>Sus datos son confidenciales y no se ceder\u00e1n a terceros, salvo que exista obligaci\u00f3n legal.<\/p>\n<p>4. DERECHOS EN RELACI\u00d3N CON SUS DATOS PERSONALES.<\/p>\n<p>Cualquier persona puede retirar su consentimiento en cualquier momento, cuando el mismo se haya otorgado por el tratamiento de sus datos.<\/p>\n<p>En ning\u00fan caso, la retirada de este consentimiento condiciona la ejecuci\u00f3n del contrato de suscripci\u00f3n o las relaciones generadas con anterioridad.<\/p>\n<p>Igualmente, puede ejercer los siguientes derechos:<\/p>\n<p>Solicitar el acceso a sus datos personales o rectificaci\u00f3n cuando sean inexactos.<br \/>\nSolicitar su supresi\u00f3n cuando, entre otros motivos, los datos ya no sean necesarios para los fines para los que fueron recogidos.<br \/>\nSolicitar la limitaci\u00f3n de su tratamiento en determinadas circunstancias.<br \/>\nSolicitar a la oposici\u00f3n al tratamiento de sus datos por motivos relacionados con su situaci\u00f3n particular.<br \/>\nSolicitar la portabilidad de los datos en los casos previstos en la normativa.<br \/>\nOtros derechos reconocidos en las normativas de aplicaci\u00f3n.<br \/>\nD\u00f3nde y c\u00f3mo solicitar sus Derechos: Mediante un escrito dirigido al responsable en su direcci\u00f3n postal o electr\u00f3nica (indicadas en el apartado A), indicando la referencia &#8216;Datos Personales&#8217;, especificando el derecho a ejercer y respecto a qu\u00e9 datos personales.<\/p>\n<p>En caso de divergencias con la empresa en relaci\u00f3n al tratamiento de sus datos, puede presentar una reclamaci\u00f3n ante la Agencia de Protecci\u00f3n de Datos (www.agpd.es).<\/p>\n<p>5. SEGURIDAD DE SUS DATOS PERSONALES<\/p>\n<p>Con el objetivo de salvaguardar la seguridad de sus datos personales, le informamos que hemos adoptado todas las medidas de \u00edndole t\u00e9cnica y organizativa necesarias para garantizar la seguridad de los datos personales suministrados de su alteraci\u00f3n, p\u00e9rdida y tratamientos o accesos no autorizados.<\/p>\n<p>6. ACTUALIZACI\u00d3N DE SUS DATOS<\/p>\n<p>Es importante que para que podamos mantener sus datos personales actualizados, nos informe siempre que haya habido alguna modificaci\u00f3n en ellos, de lo contrario, no respondemos de la veracidad de los mismos.<\/p>\n<p>No nos hacemos responsables de la pol\u00edtica de privacidad respecto a los datos personales que pueda facilitar a terceros por medio de los enlaces disponibles en nuestra p\u00e1gina web.<\/p>\n<p>La presente Pol\u00edtica de Privacidad puede ser modificada para adaptarlas a los cambios que se produzcan en nuestra web, as\u00ed como modificaciones legislativas o jurisprudenciales sobre datos personales que vayan apareciendo, por lo que exige su lectura, cada vez que nos facilite sus datos a trav\u00e9s de esta web.<\/p>\n<p>D. RESPONSABILIDADES<\/p>\n<p>Al poner a disposici\u00f3n del usuario esta p\u00e1gina Web queremos ofrecerle un servicio de calidad, utilizando la m\u00e1xima diligencia en la prestaci\u00f3n del mismo, as\u00ed como en los medios tecnol\u00f3gicos utilizados. Sin embargo, no responderemos de la presencia de virus y otros elementos que de alg\u00fan modo puedan da\u00f1ar el sistema inform\u00e1tico del usuario. <\/p>\n<p>No garantizamos que la disponibilidad del servicio sea continua e ininterrumpida.<\/p>\n<p>El USUARIO tiene prohibido cualquier tipo de acci\u00f3n sobre nuestro portal que origine una excesiva sobrecarga de funcionamiento en nuestros sistemas inform\u00e1ticos, as\u00ed como la introducci\u00f3n de virus, o instalaci\u00f3n de robots, o software que altere el normal funcionamiento de nuestra web, o en definitiva pueda causar da\u00f1os a nuestros sistemas inform\u00e1ticos.<\/p>\n<p>El USUARIO asume toda la responsabilidad derivada del uso de nuestra p\u00e1gina web.<\/p>\n<p>El USUARIO reconoce que ha entendido toda la informaci\u00f3n respecto a las condiciones de uso de nuestro portal, y reconoce que son suficientes para la exclusi\u00f3n del error en las mismas, y por tanto, las acepta \u00edntegra y expresamente.<\/p>\n<p><a href=\"https:\/\/www.nivelz.com\/\">Disseny web<\/a> Nivel Z<\/p>\n","protected":false},"excerpt":{"rendered":"<p>Esta p\u00e1gina Web es propiedad de UNI\u00d3N DE CONSUMIDORAS DE CATALU\u00d1A con CIF G-58039348 y domicilio en Rambla de Santa M\u00f3nica, Ciutat Vella N\u00ba 10, Bajos08002 Barcelona Barcelona Para cualquier consulta o propuesta, cont\u00e1ctenos en el e-mail: ucc@consumidors.org Esta p\u00e1gina Web se rige por la normativa exclusivamente aplicable en Espa\u00f1a, quedando sometida a ella, tanto [&hellip;]<\/p>\n","protected":false},"author":1,"featured_media":0,"parent":0,"menu_order":0,"comment_status":"closed","ping_status":"closed","template":"","meta":{"_et_pb_use_builder":"on","_et_pb_old_content":"","_et_gb_content_width":"","footnotes":""},"class_list":["post-45560","page","type-page","status-publish","hentry"],"yoast_head":"<!-- This site is optimized with the Yoast SEO plugin v27.0 - https:\/\/yoast.com\/product\/yoast-seo-wordpress\/ -->\n<title>Aviso legal - Uni\u00f3 Consumidors<\/title>\n<meta name=\"robots\" content=\"index, follow, max-snippet:-1, max-image-preview:large, max-video-preview:-1\" \/>\n<link rel=\"canonical\" href=\"https:\/\/consumidors.org\/es\/aviso-legal\/\" \/>\n<meta property=\"og:locale\" content=\"es_ES\" \/>\n<meta property=\"og:type\" content=\"article\" \/>\n<meta property=\"og:title\" content=\"Aviso legal - Uni\u00f3 Consumidors\" \/>\n<meta property=\"og:description\" content=\"Esta p\u00e1gina Web es propiedad de UNI\u00d3N DE CONSUMIDORAS DE CATALU\u00d1A con CIF G-58039348 y domicilio en Rambla de Santa M\u00f3nica, Ciutat Vella N\u00ba 10, Bajos08002 Barcelona Barcelona Para cualquier consulta o propuesta, cont\u00e1ctenos en el e-mail: ucc@consumidors.org Esta p\u00e1gina Web se rige por la normativa exclusivamente aplicable en Espa\u00f1a, quedando sometida a ella, tanto [&hellip;]\" \/>\n<meta property=\"og:url\" content=\"https:\/\/consumidors.org\/es\/aviso-legal\/\" \/>\n<meta property=\"og:site_name\" content=\"Uni\u00f3 Consumidors\" \/>\n<meta property=\"article:modified_time\" content=\"2025-10-16T09:11:31+00:00\" \/>\n<meta name=\"twitter:card\" content=\"summary_large_image\" \/>\n<meta name=\"twitter:label1\" content=\"Tiempo de lectura\" \/>\n\t<meta name=\"twitter:data1\" content=\"8 minutos\" \/>\n<!-- \/ Yoast SEO plugin. -->","yoast_head_json":{"title":"Aviso legal - Uni\u00f3 Consumidors","robots":{"index":"index","follow":"follow","max-snippet":"max-snippet:-1","max-image-preview":"max-image-preview:large","max-video-preview":"max-video-preview:-1"},"canonical":"https:\/\/consumidors.org\/es\/aviso-legal\/","og_locale":"es_ES","og_type":"article","og_title":"Aviso legal - Uni\u00f3 Consumidors","og_description":"Esta p\u00e1gina Web es propiedad de UNI\u00d3N DE CONSUMIDORAS DE CATALU\u00d1A con CIF G-58039348 y domicilio en Rambla de Santa M\u00f3nica, Ciutat Vella N\u00ba 10, Bajos08002 Barcelona Barcelona Para cualquier consulta o propuesta, cont\u00e1ctenos en el e-mail: ucc@consumidors.org Esta p\u00e1gina Web se rige por la normativa exclusivamente aplicable en Espa\u00f1a, quedando sometida a ella, tanto [&hellip;]","og_url":"https:\/\/consumidors.org\/es\/aviso-legal\/","og_site_name":"Uni\u00f3 Consumidors","article_modified_time":"2025-10-16T09:11:31+00:00","twitter_card":"summary_large_image","twitter_misc":{"Tiempo de lectura":"8 minutos"},"schema":{"@context":"https:\/\/schema.org","@graph":[{"@type":"WebPage","@id":"https:\/\/consumidors.org\/es\/aviso-legal\/","url":"https:\/\/consumidors.org\/es\/aviso-legal\/","name":"Aviso legal - Uni\u00f3 Consumidors","isPartOf":{"@id":"https:\/\/consumidors.org\/es\/#website"},"datePublished":"2025-07-29T09:56:18+00:00","dateModified":"2025-10-16T09:11:31+00:00","breadcrumb":{"@id":"https:\/\/consumidors.org\/es\/aviso-legal\/#breadcrumb"},"inLanguage":"es","potentialAction":[{"@type":"ReadAction","target":["https:\/\/consumidors.org\/es\/aviso-legal\/"]}]},{"@type":"BreadcrumbList","@id":"https:\/\/consumidors.org\/es\/aviso-legal\/#breadcrumb","itemListElement":[{"@type":"ListItem","position":1,"name":"Inici","item":"https:\/\/consumidors.org\/es\/"},{"@type":"ListItem","position":2,"name":"Aviso legal"}]},{"@type":"WebSite","@id":"https:\/\/consumidors.org\/es\/#website","url":"https:\/\/consumidors.org\/es\/","name":"Uni\u00f3 Consumidors","description":"","publisher":{"@id":"https:\/\/consumidors.org\/es\/#organization"},"potentialAction":[{"@type":"SearchAction","target":{"@type":"EntryPoint","urlTemplate":"https:\/\/consumidors.org\/es\/?s={search_term_string}"},"query-input":{"@type":"PropertyValueSpecification","valueRequired":true,"valueName":"search_term_string"}}],"inLanguage":"es"},{"@type":"Organization","@id":"https:\/\/consumidors.org\/es\/#organization","name":"Uni\u00f3 Consumidors","url":"https:\/\/consumidors.org\/es\/","logo":{"@type":"ImageObject","inLanguage":"es","@id":"https:\/\/consumidors.org\/es\/#\/schema\/logo\/image\/","url":"https:\/\/consumidors.org\/wp-content\/uploads\/2025\/04\/logo.jpg","contentUrl":"https:\/\/consumidors.org\/wp-content\/uploads\/2025\/04\/logo.jpg","width":600,"height":264,"caption":"Uni\u00f3 Consumidors"},"image":{"@id":"https:\/\/consumidors.org\/es\/#\/schema\/logo\/image\/"}}]}},"_links":{"self":[{"href":"https:\/\/consumidors.org\/es\/wp-json\/wp\/v2\/pages\/45560","targetHints":{"allow":["GET"]}}],"collection":[{"href":"https:\/\/consumidors.org\/es\/wp-json\/wp\/v2\/pages"}],"about":[{"href":"https:\/\/consumidors.org\/es\/wp-json\/wp\/v2\/types\/page"}],"author":[{"embeddable":true,"href":"https:\/\/consumidors.org\/es\/wp-json\/wp\/v2\/users\/1"}],"replies":[{"embeddable":true,"href":"https:\/\/consumidors.org\/es\/wp-json\/wp\/v2\/comments?post=45560"}],"version-history":[{"count":1,"href":"https:\/\/consumidors.org\/es\/wp-json\/wp\/v2\/pages\/45560\/revisions"}],"predecessor-version":[{"id":45561,"href":"https:\/\/consumidors.org\/es\/wp-json\/wp\/v2\/pages\/45560\/revisions\/45561"}],"wp:attachment":[{"href":"https:\/\/consumidors.org\/es\/wp-json\/wp\/v2\/media?parent=45560"}],"curies":[{"name":"wp","href":"https:\/\/api.w.org\/{rel}","templated":true}]}}