{"id":45624,"date":"2025-07-23T13:12:47","date_gmt":"2025-07-23T11:12:47","guid":{"rendered":"https:\/\/consumidors.org\/estudio-de-compra\/"},"modified":"2025-10-16T12:35:25","modified_gmt":"2025-10-16T10:35:25","slug":"estudio-de-compra","status":"publish","type":"page","link":"https:\/\/consumidors.org\/es\/estudio-de-compra\/","title":{"rendered":"Estudio de compra"},"content":{"rendered":"<p>[et_pb_section fb_built=\u00bb1&#8243; custom_padding_last_edited=\u00bbon|phone\u00bb _builder_version=\u00bb4.27.4&#8243; _module_preset=\u00bbdefault\u00bb use_background_color_gradient=\u00bbon\u00bb background_color_gradient_stops=\u00bbrgba(0,0,0,0.1) 0%|rgba(0,0,0,0.06) 100%\u00bb background_color_gradient_overlays_image=\u00bbon\u00bb background_image=\u00bbhttps:\/\/consumidors.org\/wp-content\/uploads\/2025\/07\/banner-estudi.jpg\u00bb custom_padding=\u00bb195px||228px|||\u00bb custom_padding_tablet=\u00bb195px||228px|||\u00bb custom_padding_phone=\u00bb100px||100px||true|false\u00bb global_colors_info=\u00bb{}\u00bb theme_builder_area=\u00bbpost_content\u00bb][et_pb_row _builder_version=\u00bb4.27.4&#8243; _module_preset=\u00bbdefault\u00bb global_colors_info=\u00bb{}\u00bb theme_builder_area=\u00bbpost_content\u00bb][et_pb_column type=\u00bb4_4&#8243; _builder_version=\u00bb4.27.4&#8243; _module_preset=\u00bbdefault\u00bb global_colors_info=\u00bb{}\u00bb theme_builder_area=\u00bbpost_content\u00bb][et_pb_heading title=\u00bbESTUDIO DE COMPRA\u00bb _builder_version=\u00bb4.27.4&#8243; _module_preset=\u00bbcd01da10-141f-488b-bff3-7c15d5090c8d\u00bb title_text_align=\u00bbleft\u00bb title_text_color=\u00bb#FFFFFF\u00bb custom_margin=\u00bb||10px||false|false\u00bb global_colors_info=\u00bb{}\u00bb theme_builder_area=\u00bbpost_content\u00bb][\/et_pb_heading][\/et_pb_column][\/et_pb_row][\/et_pb_section][et_pb_section fb_built=\u00bb1&#8243; _builder_version=\u00bb4.27.4&#8243; _module_preset=\u00bbdefault\u00bb global_colors_info=\u00bb{}\u00bb theme_builder_area=\u00bbpost_content\u00bb][et_pb_row column_structure=\u00bb1_2,1_2&#8243; _builder_version=\u00bb4.27.4&#8243; _module_preset=\u00bbdefault\u00bb custom_padding=\u00bb0px||0px||false|false\u00bb global_colors_info=\u00bb{}\u00bb theme_builder_area=\u00bbpost_content\u00bb][et_pb_column type=\u00bb1_2&#8243; _builder_version=\u00bb4.27.4&#8243; _module_preset=\u00bbdefault\u00bb global_colors_info=\u00bb{}\u00bb theme_builder_area=\u00bbpost_content\u00bb][et_pb_image src=\u00bbhttps:\/\/consumidors.org\/wp-content\/uploads\/2025\/07\/enquesta.png\u00bb title_text=\u00bbencuesta\u00bb _builder_version=\u00bb4.27.4&#8243; _module_preset=\u00bbdefault\u00bb global_colors_info=\u00bb{}\u00bb theme_builder_area=\u00bbpost_content\u00bb][\/et_pb_image][\/et_pb_column][et_pb_column type=\u00bb1_2&#8243; _builder_version=\u00bb4.27.4&#8243; _module_preset=\u00bbdefault\u00bb global_colors_info=\u00bb{}\u00bb theme_builder_area=\u00bbpost_content\u00bb][et_pb_heading title=\u00bbEstudio mensual de la cesta de la compra\u00bb _builder_version=\u00bb4.27.4&#8243; _module_preset=\u00bb38c27bdf-9d98-4970-aa1f-f736bf8b762b\u00bb title_text_color=\u00bbgcid-9fdfe294-7457-43ae-a094-acb99671e34b\u00bb global_colors_info=\u00bb{%22gcid-9fdfe294-7457-43ae-a094-acb99671e34b%22:%91%22title_text_color%22%93}\u00bb theme_builder_area=\u00bbpost_content\u00bb][\/et_pb_heading][et_pb_text _builder_version=\u00bb4.27.4&#8243; _module_preset=\u00bbad73d3aa-75a2-4866-b464-5ff6687f5973&#8243; text_text_color=\u00bb#000000&#8243; global_colors_info=\u00bb{%22gcid-1f1b4e15-7cc6-4e13-8154-74d77a956460%22:%91%22link_text_color%22,%22quote_text_color%22,%22quote_border_color%22,%22link_text_color%22,%22quote_text_color%22,%22quote_border_color%22,%22link_text_color%22,%22quote_text_color%22,%22quote_border_color%22%93}\u00bb theme_builder_area=\u00bbpost_content\u00bb]<\/p>\n<p><span>Desde la Uni\u00f3n de Consumidores de Catalu\u00f1a &#8211; UCC, con colaboraci\u00f3n del Colegio de Dietistas &#8211; Nutricionistas de Catalu\u00f1a (CODINUCAT), hemos actualizado el estudio de la cesta de la compra para tener un listado de productos b\u00e1sicos y saludables para las personas consumidoras. Esta lista ha sido facilitada por CODINUCAT. <\/span><\/p>\n<p>Los productos b\u00e1sicos analizados se dividen en tres grupos:<br \/>\n  <strong>\u2013 Productos b\u00e1sicos y saludables<br \/>\u2013 Productos para beb\u00e9s<br \/>\u2013 Productos de higiene<\/strong>\n<\/p>\n<p>[\/et_pb_text][\/et_pb_column][\/et_pb_row][et_pb_row column_structure=\u00bb1_3,1_3,1_3&#8243; _builder_version=\u00bb4.27.4&#8243; _module_preset=\u00bbdefault\u00bb global_colors_info=\u00bb{}\u00bb theme_builder_area=\u00bbpost_content\u00bb][et_pb_column type=\u00bb1_3&#8243; _builder_version=\u00bb4.27.4&#8243; _module_preset=\u00bbdefault\u00bb global_colors_info=\u00bb{}\u00bb theme_builder_area=\u00bbpost_content\u00bb][et_pb_blurb title=\u00bbProductos b\u00e1sicos y saludables\u00bb image=\u00bbhttps:\/\/consumidors.org\/wp-content\/uploads\/2025\/07\/producto-basic.jpg\u00bb _builder_version=\u00bb4.27.4&#8243; _module_preset=\u00bbdefault\u00bb header_font=\u00bbUrbanist||||||||\u00bb header_text_color=\u00bb#2d2a6a\u00bb header_font_size=\u00bb22px\u00bb body_font=\u00bbInter||||||||\u00bb body_text_color=\u00bb#000000&#8243; border_radii_image=\u00bbon|15px|15px|15px|15px\u00bb global_colors_info=\u00bb{}\u00bb theme_builder_area=\u00bbpost_content\u00bb]<\/p>\n<p><span>\u2013<\/span> <em>Verduras<\/em><span>: Jud\u00eda verde, Acelgas, Espinacas, Br\u00f3culi, Calabac\u00edn, Berenjena<\/span><br \/><span>\u2013<\/span> <em>Hortalizas<\/em><span>: Lechuga, Tomate, Cebolla, Zanahoria, Pimiento, Pepino<\/span><br \/>\u2013 <em>Carne, pescado, huevos\/prote\u00edna animal<\/em><span>: Pollo, Lomo de cerdo, Ternera, Huevo, Merluza, Bacalao, Salm\u00f3n, Sardinas, Boquer\u00f3n<\/span><br \/><span>\u2013<\/span> <em>Legumbres\/Prote\u00edna vegetal<\/em><span>: Lenteja, Garbanzo, Guisantes<\/span><br \/><span>\u2013<\/span> <em>L\u00e1cteos<\/em><span>: Leche semidesnatada, Yogur Natura<\/span><br \/><span>\u2013<\/span> <em>Frutas<\/em><span>: Manzana, Pera, Naranja, Mandarina, Pl\u00e1tano<\/span><br \/><span>\u2013<\/span> <em>Harin\u00e1ceos<\/em><span>: Pan integral, Arroz integral, Pasta integral, Patata<\/span><br \/><span>\u2013<\/span> <em>Grasas<\/em><span>: Aceite de oliva<\/span><\/p>\n<p>[\/et_pb_blurb][\/et_pb_column][et_pb_column type=\u00bb1_3&#8243; _builder_version=\u00bb4.27.4&#8243; _module_preset=\u00bbdefault\u00bb global_colors_info=\u00bb{}\u00bb theme_builder_area=\u00bbpost_content\u00bb][et_pb_blurb title=\u00bbProductos para beb\u00e9s\u00bb image=\u00bbhttps:\/\/consumidors.org\/wp-content\/uploads\/2025\/07\/productos-bebe.jpg\u00bb _builder_version=\u00bb4.27.4&#8243; _module_preset=\u00bbdefault\u00bb header_font=\u00bbUrbanist||||||||\u00bb header_text_color=\u00bb#2d2a6a\u00bb header_font_size=\u00bb22px\u00bb body_font=\u00bbInter||||||||\u00bb body_text_color=\u00bb#000000&#8243; border_radii_image=\u00bbon|15px|15px|15px|15px\u00bb global_colors_info=\u00bb{}\u00bb theme_builder_area=\u00bbpost_content\u00bb]<\/p>\n<p><span>\u2013<\/span> <em>Alimentaci\u00f3n<\/em><span>: Potet, Potet en polvo<\/span><br \/><span>\u2013<\/span> <em>Higiene<\/em><span>: Pa\u00f1ales, Toallitas<\/span><\/p>\n<p>[\/et_pb_blurb][\/et_pb_column][et_pb_column type=\u00bb1_3&#8243; _builder_version=\u00bb4.27.4&#8243; _module_preset=\u00bbdefault\u00bb global_colors_info=\u00bb{}\u00bb theme_builder_area=\u00bbpost_content\u00bb][et_pb_blurb title=\u00bbProductos de higiene\u00bb image=\u00bbhttps:\/\/consumidors.org\/wp-content\/uploads\/2025\/07\/producto-higiene.jpg\u00bb _builder_version=\u00bb4.27.4&#8243; _module_preset=\u00bbdefault\u00bb header_font=\u00bbUrbanist||||||||\u00bb header_text_color=\u00bb#2d2a6a\u00bb header_font_size=\u00bb22px\u00bb body_font=\u00bbInter||||||||\u00bb body_text_color=\u00bb#000000&#8243; border_radii_image=\u00bbon|15px|15px|15px|15px\u00bb global_colors_info=\u00bb{}\u00bb theme_builder_area=\u00bbpost_content\u00bb]<\/p>\n<p><span>\u2013 <\/span><em>Femenina<\/em><span>: Tamp\u00f3n, Compresas<\/span><br \/><span>\u2013<\/span> <em>Sexual<\/em><span>: Preservativos<\/span><br \/><span>\u2013 <\/span><em>Corporal<\/em><span>:Hielo, Champ\u00fa, Acondicionador<\/span><br \/><span>\u2013 <\/span><em>Bucal<\/em><span>: Pasta de dientes, Cepillo de dientes, Colutorio<\/span><\/p>\n<p>[\/et_pb_blurb][\/et_pb_column][\/et_pb_row][et_pb_row column_structure=\u00bb1_2,1_2&#8243; _builder_version=\u00bb4.27.4&#8243; _module_preset=\u00bbdefault\u00bb custom_padding=\u00bb0px||0px||false|false\u00bb global_colors_info=\u00bb{}\u00bb theme_builder_area=\u00bbpost_content\u00bb][et_pb_column type=\u00bb1_2&#8243; _builder_version=\u00bb4.27.4&#8243; _module_preset=\u00bbdefault\u00bb global_colors_info=\u00bb{}\u00bb theme_builder_area=\u00bbpost_content\u00bb][et_pb_text _builder_version=\u00bb4.27.4&#8243; _module_preset=\u00bbad73d3aa-75a2-4866-b464-5ff6687f5973&#8243; text_text_color=\u00bb#000000&#8243; global_colors_info=\u00bb{%22gcid-1f1b4e15-7cc6-4e13-8154-74d77a956460%22:%91%22link_text_color%22,%22quote_text_color%22,%22quote_border_color%22,%22link_text_color%22,%22quote_text_color%22,%22quote_border_color%22,%22link_text_color%22,%22quote_text_color%22,%22quote_border_color%22%93}\u00bb theme_builder_area=\u00bbpost_content\u00bb]<\/p>\n<p>En colaboraci\u00f3n con la Asociaci\u00f3n de Cel\u00edacos de Catalu\u00f1a, hemos actualizado el estudio de la cesta de la compra para tener un listado de productos b\u00e1sicos y saludables sin gluten para las personas consumidoras<\/p>\n<p>Hay que diferenciar entre celiaqu\u00eda y la sensibilidad al gluten\/trigo no cel\u00edaca:<br \/>\u2013 La<span> <\/span><strong>celiaqu\u00eda<\/strong><span> <\/span>es una enfermedad, un trastorno multisist\u00e9mico de base autoinmune permanente en individuos gen\u00e9ticamente predispuestos, inducido por la ingesta de gluten que provoca una atrofia de las vellosidades del intestino delgado que afecta a la capacidad de absorber los nutrientes de los alimentos, entre otra sintomatolog\u00eda fuera del sistema.<br \/>\u2013 Por otra parte, la<span> <\/span><strong>sensibilidad al gluten\/trigo no cel\u00edaca<\/strong>, tambi\u00e9n mal conocida popularmente como intolerancia al gluten \u2013aunque de forma err\u00f3nea\u2013, fue descrita por primera vez a finales de la d\u00e9cada de 1970 pero ha empezado a ser reconocida y se est\u00e1 estudiando de manera intensiva desde el 2011. Todav\u00eda no se sabe si el componente del trigo, o de los cereales en general, podr\u00edan estar implicados (los FODMAPS o los ATI). <\/p>\n<p>[\/et_pb_text][\/et_pb_column][et_pb_column type=\u00bb1_2&#8243; _builder_version=\u00bb4.27.4&#8243; _module_preset=\u00bbdefault\u00bb global_colors_info=\u00bb{}\u00bb theme_builder_area=\u00bbpost_content\u00bb][et_pb_text _builder_version=\u00bb4.27.4&#8243; _module_preset=\u00bbad73d3aa-75a2-4866-b464-5ff6687f5973&#8243; text_text_color=\u00bb#000000&#8243; global_colors_info=\u00bb{%22gcid-1f1b4e15-7cc6-4e13-8154-74d77a956460%22:%91%22link_text_color%22,%22quote_text_color%22,%22quote_border_color%22,%22link_text_color%22,%22quote_text_color%22,%22quote_border_color%22,%22link_text_color%22,%22quote_text_color%22,%22quote_border_color%22%93}\u00bb theme_builder_area=\u00bbpost_content\u00bb]<\/p>\n<p>Los productos b\u00e1sicos sin gluten analizados son los siguientes:<br \/>\u2013 Pan com\u00fan<br \/>\u2013 Pan de molde<br \/>\u2013 Pan rallado<br \/>\u2013 Harina<br \/>\u2013 Papillas<br \/>\u2013 Pasta<br \/>\u2013 Cereales<br \/>\u2013 Cookies<br \/>\u2013 Pizza<br \/>\u2013 Canelones<br \/>\u2013 Lasa\u00f1a<br \/>\u2013 Cerveza<\/p>\n<p>[\/et_pb_text][\/et_pb_column][\/et_pb_row][\/et_pb_section][et_pb_section fb_built=\u00bb1&#8243; admin_label=\u00bbBlog\u00bb _builder_version=\u00bb4.27.4&#8243; _module_preset=\u00bbcac04c9b-d0ca-4065-a7be-154538a5a14d\u00bb background_color=\u00bb#f2f2f7&#8243; custom_padding=\u00bb||4px|||\u00bb animation_style=\u00bbfade\u00bb collapsed=\u00bbon\u00bb theme_builder_area=\u00bbpost_content\u00bb][et_pb_row column_structure=\u00bb3_5,2_5&#8243; _builder_version=\u00bb4.25.1&#8243; _module_preset=\u00bbdefault\u00bb locked=\u00bboff\u00bb global_colors_info=\u00bb{}\u00bb theme_builder_area=\u00bbpost_content\u00bb][et_pb_column type=\u00bb3_5&#8243; _builder_version=\u00bb4.25.1&#8243; _module_preset=\u00bbdefault\u00bb global_colors_info=\u00bb{}\u00bb theme_builder_area=\u00bbpost_content\u00bb][et_pb_heading title=\u00bbBlog\u00bb _builder_version=\u00bb4.27.4&#8243; _module_preset=\u00bb008fcb0a-f2d8-4fad-945e-74905f34eb7e\u00bb title_text_color=\u00bbgcid-b05b3f76-2458-43f0-bc86-5980742c5742&#8243; custom_margin=\u00bb||0px||false|false\u00bb global_colors_info=\u00bb{%22gcid-b05b3f76-2458-43f0-bc86-5980742c5742%22:%91%22title_text_color%22%93}\u00bb theme_builder_area=\u00bbpost_content\u00bb][\/et_pb_heading][et_pb_heading title=\u00bb\u00daltimas noticias que te pueden interesar\u00bb _builder_version=\u00bb4.27.4&#8243; _module_preset=\u00bb38c27bdf-9d98-4970-aa1f-f736bf8b762b\u00bb title_text_color=\u00bbgcid-9fdfe294-7457-43ae-a094-acb99671e34b\u00bb global_colors_info=\u00bb{%22gcid-9fdfe294-7457-43ae-a094-acb99671e34b%22:%91%22title_text_color%22%93}\u00bb theme_builder_area=\u00bbpost_content\u00bb][\/et_pb_heading][\/et_pb_column][et_pb_column type=\u00bb2_5&#8243; _builder_version=\u00bb4.25.1&#8243; _module_preset=\u00bbdefault\u00bb global_colors_info=\u00bb{}\u00bb theme_builder_area=\u00bbpost_content\u00bb][et_pb_button button_url=\u00bbhttps:\/\/consumidors.org\/noticies\/\u00bb button_text=\u00bbSaber m\u00e1s\u00bb button_alignment=\u00bbcenter\u00bb _builder_version=\u00bb4.27.4&#8243; _module_preset=\u00bb58894375-ef93-4025-ba46-3186c1ee27d7&#8243; button_text_size=\u00bb12px\u00bb button_bg_color=\u00bbgcid-9fdfe294-7457-43ae-a094-acb99671e34b\u00bb custom_padding=\u00bb12px|50px|12px|40px|true|false\u00bb global_colors_info=\u00bb{%22gcid-9fdfe294-7457-43ae-a094-acb99671e34b%22:%91%22button_bg_color%22%93}\u00bb theme_builder_area=\u00bbpost_content\u00bb][\/et_pb_button][\/et_pb_column][\/et_pb_row][et_pb_row _builder_version=\u00bb4.25.1&#8243; _module_preset=\u00bbdefault\u00bb global_colors_info=\u00bb{}\u00bb theme_builder_area=\u00bbpost_content\u00bb][et_pb_column type=\u00bb4_4&#8243; _builder_version=\u00bb4.25.1&#8243; _module_preset=\u00bbdefault\u00bb global_colors_info=\u00bb{}\u00bb theme_builder_area=\u00bbpost_content\u00bb][et_pb_blog posts_number=\u00bb3&#8243; show_pagination=\u00bboff\u00bb _builder_version=\u00bb4.25.2&#8243; _module_preset=\u00bb07cc7749-529d-4965-9412-bdd1f3d769c0&#8243; global_colors_info=\u00bb{}\u00bb theme_builder_area=\u00bbpost_content\u00bb][\/et_pb_blog][\/et_pb_column][\/et_pb_row][\/et_pb_section][et_pb_section fb_built=\u00bb1&#8243; admin_label=\u00bbOur Mission\u00bb _builder_version=\u00bb4.27.4&#8243; _module_preset=\u00bbbe64eeb1-2dd9-4e9a-9ca5-fb3911ba8f16&#8243; background_color=\u00bbgcid-9fdfe294-7457-43ae-a094-acb99671e34b\u00bb custom_margin=\u00bb||||false\u00bb custom_padding=\u00bb5vw||5vw||true|false\u00bb top_divider_style=\u00bbslant2&#8243; top_divider_color=\u00bb#f2f2f7&#8243; top_divider_height=\u00bb72px\u00bb top_divider_repeat=\u00bb1x\u00bb collapsed=\u00bbon\u00bb global_colors_info=\u00bb{%22gcid-1f1bf5fb-a99d-4acc-8d9e-ddac074c158c%22:%91%22background_color_gradient_stops%22%93,%22gcid-a78660e1-cfc7-4771-a566-6834d6a7f06a%22:%91%22background_color_gradient_stops%22%93,%22gcid-24b0db87-dafa-47d9-995f-b90181e18c52%22:%91%22background_color_gradient_stops%22%93,%22gcid-9fdfe294-7457-43ae-a094-acb99671e34b%22:%91%22background_color%22%93}\u00bb theme_builder_area=\u00bbpost_content\u00bb][et_pb_row _builder_version=\u00bb4.25.1&#8243; _module_preset=\u00bbdefault\u00bb max_width=\u00bb900px\u00bb custom_padding=\u00bb48px|||||\u00bb global_colors_info=\u00bb{}\u00bb theme_builder_area=\u00bbpost_content\u00bb][et_pb_column type=\u00bb4_4&#8243; _builder_version=\u00bb4.25.1&#8243; _module_preset=\u00bbdefault\u00bb global_colors_info=\u00bb{}\u00bb theme_builder_area=\u00bbpost_content\u00bb][et_pb_heading title=\u00bbContacta\u00bb _builder_version=\u00bb4.27.4&#8243; _module_preset=\u00bb008fcb0a-f2d8-4fad-945e-74905f34eb7e\u00bb title_text_align=\u00bbcenter\u00bb title_text_color=\u00bbgcid-b05b3f76-2458-43f0-bc86-5980742c5742&#8243; global_colors_info=\u00bb{%22gcid-b05b3f76-2458-43f0-bc86-5980742c5742%22:%91%22title_text_color%22%93}\u00bb theme_builder_area=\u00bbpost_content\u00bb][\/et_pb_heading][et_pb_heading title=\u00bb\u00danete a nuestra comunidad, contacta con nosotros y dinos en qu\u00e9 podemos ayudarte\u00bb _builder_version=\u00bb4.27.4&#8243; _module_preset=\u00bb38c27bdf-9d98-4970-aa1f-f736bf8b762b\u00bb title_text_align=\u00bbcenter\u00bb title_text_color=\u00bb#FFFFFF\u00bb custom_margin=\u00bb||13px|||\u00bb global_colors_info=\u00bb{}\u00bb theme_builder_area=\u00bbpost_content\u00bb][\/et_pb_heading][et_pb_button button_url=\u00bbhttps:\/\/consumidors.org\/es\/contacto\/\u00bb button_text=\u00bbContacta y \u00fanete\u00bb button_alignment=\u00bbcenter\u00bb _builder_version=\u00bb4.27.4&#8243; _module_preset=\u00bb58894375-ef93-4025-ba46-3186c1ee27d7&#8243; button_text_size=\u00bb12px\u00bb button_text_color=\u00bbgcid-9fdfe294-7457-43ae-a094-acb99671e34b\u00bb button_bg_color=\u00bb#FFFFFF\u00bb custom_padding=\u00bb12px|50px|12px|40px|true|false\u00bb global_colors_info=\u00bb{%22gcid-9fdfe294-7457-43ae-a094-acb99671e34b%22:%91%22button_text_color%22%93}\u00bb theme_builder_area=\u00bbpost_content\u00bb][\/et_pb_button][\/et_pb_column][\/et_pb_row][\/et_pb_section]<\/p>\n","protected":false},"excerpt":{"rendered":"<p>Desde la Uni\u00f3n de Consumidores de Catalu\u00f1a &#8211; UCC, con colaboraci\u00f3n del Colegio de Dietistas &#8211; Nutricionistas de Catalu\u00f1a (CODINUCAT), hemos actualizado el estudio de la cesta de la compra para tener un listado de productos b\u00e1sicos y saludables para las personas consumidoras. Esta lista ha sido facilitada por CODINUCAT. Los productos b\u00e1sicos analizados se [&hellip;]<\/p>\n","protected":false},"author":1,"featured_media":0,"parent":0,"menu_order":0,"comment_status":"closed","ping_status":"closed","template":"","meta":{"_et_pb_use_builder":"on","_et_pb_old_content":"","_et_gb_content_width":"","footnotes":""},"class_list":["post-45624","page","type-page","status-publish","hentry"],"yoast_head":"<!-- This site is optimized with the Yoast SEO plugin v27.0 - https:\/\/yoast.com\/product\/yoast-seo-wordpress\/ -->\n<title>Estudio de compra - Uni\u00f3 Consumidors<\/title>\n<meta name=\"robots\" content=\"index, follow, max-snippet:-1, max-image-preview:large, max-video-preview:-1\" \/>\n<link rel=\"canonical\" href=\"https:\/\/consumidors.org\/es\/estudio-de-compra\/\" \/>\n<meta property=\"og:locale\" content=\"es_ES\" \/>\n<meta property=\"og:type\" content=\"article\" \/>\n<meta property=\"og:title\" content=\"Estudio de compra - Uni\u00f3 Consumidors\" \/>\n<meta property=\"og:description\" content=\"Desde la Uni\u00f3n de Consumidores de Catalu\u00f1a - UCC, con colaboraci\u00f3n del Colegio de Dietistas - Nutricionistas de Catalu\u00f1a (CODINUCAT), hemos actualizado el estudio de la cesta de la compra para tener un listado de productos b\u00e1sicos y saludables para las personas consumidoras. Esta lista ha sido facilitada por CODINUCAT. Los productos b\u00e1sicos analizados se [&hellip;]\" \/>\n<meta property=\"og:url\" content=\"https:\/\/consumidors.org\/es\/estudio-de-compra\/\" \/>\n<meta property=\"og:site_name\" content=\"Uni\u00f3 Consumidors\" \/>\n<meta property=\"article:modified_time\" content=\"2025-10-16T10:35:25+00:00\" \/>\n<meta name=\"twitter:card\" content=\"summary_large_image\" \/>\n<meta name=\"twitter:label1\" content=\"Tiempo de lectura\" \/>\n\t<meta name=\"twitter:data1\" content=\"10 minutos\" \/>\n<!-- \/ Yoast SEO plugin. -->","yoast_head_json":{"title":"Estudio de compra - Uni\u00f3 Consumidors","robots":{"index":"index","follow":"follow","max-snippet":"max-snippet:-1","max-image-preview":"max-image-preview:large","max-video-preview":"max-video-preview:-1"},"canonical":"https:\/\/consumidors.org\/es\/estudio-de-compra\/","og_locale":"es_ES","og_type":"article","og_title":"Estudio de compra - Uni\u00f3 Consumidors","og_description":"Desde la Uni\u00f3n de Consumidores de Catalu\u00f1a - UCC, con colaboraci\u00f3n del Colegio de Dietistas - Nutricionistas de Catalu\u00f1a (CODINUCAT), hemos actualizado el estudio de la cesta de la compra para tener un listado de productos b\u00e1sicos y saludables para las personas consumidoras. Esta lista ha sido facilitada por CODINUCAT. Los productos b\u00e1sicos analizados se [&hellip;]","og_url":"https:\/\/consumidors.org\/es\/estudio-de-compra\/","og_site_name":"Uni\u00f3 Consumidors","article_modified_time":"2025-10-16T10:35:25+00:00","twitter_card":"summary_large_image","twitter_misc":{"Tiempo de lectura":"10 minutos"},"schema":{"@context":"https:\/\/schema.org","@graph":[{"@type":"WebPage","@id":"https:\/\/consumidors.org\/es\/estudio-de-compra\/","url":"https:\/\/consumidors.org\/es\/estudio-de-compra\/","name":"Estudio de compra - Uni\u00f3 Consumidors","isPartOf":{"@id":"https:\/\/consumidors.org\/es\/#website"},"datePublished":"2025-07-23T11:12:47+00:00","dateModified":"2025-10-16T10:35:25+00:00","breadcrumb":{"@id":"https:\/\/consumidors.org\/es\/estudio-de-compra\/#breadcrumb"},"inLanguage":"es","potentialAction":[{"@type":"ReadAction","target":["https:\/\/consumidors.org\/es\/estudio-de-compra\/"]}]},{"@type":"BreadcrumbList","@id":"https:\/\/consumidors.org\/es\/estudio-de-compra\/#breadcrumb","itemListElement":[{"@type":"ListItem","position":1,"name":"Inici","item":"https:\/\/consumidors.org\/es\/"},{"@type":"ListItem","position":2,"name":"Estudio de compra"}]},{"@type":"WebSite","@id":"https:\/\/consumidors.org\/es\/#website","url":"https:\/\/consumidors.org\/es\/","name":"Uni\u00f3 Consumidors","description":"","publisher":{"@id":"https:\/\/consumidors.org\/es\/#organization"},"potentialAction":[{"@type":"SearchAction","target":{"@type":"EntryPoint","urlTemplate":"https:\/\/consumidors.org\/es\/?s={search_term_string}"},"query-input":{"@type":"PropertyValueSpecification","valueRequired":true,"valueName":"search_term_string"}}],"inLanguage":"es"},{"@type":"Organization","@id":"https:\/\/consumidors.org\/es\/#organization","name":"Uni\u00f3 Consumidors","url":"https:\/\/consumidors.org\/es\/","logo":{"@type":"ImageObject","inLanguage":"es","@id":"https:\/\/consumidors.org\/es\/#\/schema\/logo\/image\/","url":"https:\/\/consumidors.org\/wp-content\/uploads\/2025\/04\/logo.jpg","contentUrl":"https:\/\/consumidors.org\/wp-content\/uploads\/2025\/04\/logo.jpg","width":600,"height":264,"caption":"Uni\u00f3 Consumidors"},"image":{"@id":"https:\/\/consumidors.org\/es\/#\/schema\/logo\/image\/"}}]}},"_links":{"self":[{"href":"https:\/\/consumidors.org\/es\/wp-json\/wp\/v2\/pages\/45624","targetHints":{"allow":["GET"]}}],"collection":[{"href":"https:\/\/consumidors.org\/es\/wp-json\/wp\/v2\/pages"}],"about":[{"href":"https:\/\/consumidors.org\/es\/wp-json\/wp\/v2\/types\/page"}],"author":[{"embeddable":true,"href":"https:\/\/consumidors.org\/es\/wp-json\/wp\/v2\/users\/1"}],"replies":[{"embeddable":true,"href":"https:\/\/consumidors.org\/es\/wp-json\/wp\/v2\/comments?post=45624"}],"version-history":[{"count":5,"href":"https:\/\/consumidors.org\/es\/wp-json\/wp\/v2\/pages\/45624\/revisions"}],"predecessor-version":[{"id":45633,"href":"https:\/\/consumidors.org\/es\/wp-json\/wp\/v2\/pages\/45624\/revisions\/45633"}],"wp:attachment":[{"href":"https:\/\/consumidors.org\/es\/wp-json\/wp\/v2\/media?parent=45624"}],"curies":[{"name":"wp","href":"https:\/\/api.w.org\/{rel}","templated":true}]}}