{"id":45349,"date":"2025-07-28T13:12:55","date_gmt":"2025-07-28T11:12:55","guid":{"rendered":"https:\/\/consumidors.org\/?post_type=product&#038;p=45349"},"modified":"2025-07-28T13:12:55","modified_gmt":"2025-07-28T11:12:55","slug":"bossa-unio-consumidors","status":"publish","type":"product","link":"https:\/\/consumidors.org\/es\/producto\/bossa-unio-consumidors\/","title":{"rendered":"Bossa Uni\u00f3 Consumidors"},"content":{"rendered":"<p>Bossa promocional d&#8217;Uni\u00f3 de Consumidors<\/p>\n","protected":false},"excerpt":{"rendered":"<p>Bossa promocional d&#8217;Uni\u00f3 de Consumidors<\/p>\n","protected":false},"featured_media":45350,"comment_status":"open","ping_status":"closed","template":"","meta":{"_et_pb_use_builder":"","_et_pb_old_content":"","_et_gb_content_width":""},"product_brand":[],"product_cat":[529],"product_tag":[],"class_list":{"0":"post-45349","1":"product","2":"type-product","3":"status-publish","4":"has-post-thumbnail","6":"product_cat-sin-categorizar","8":"first","9":"instock","10":"shipping-taxable","11":"purchasable","12":"product-type-simple"},"yoast_head":"<!-- This site is optimized with the Yoast SEO plugin v27.0 - https:\/\/yoast.com\/product\/yoast-seo-wordpress\/ -->\n<title>Bossa Uni\u00f3 Consumidors - Uni\u00f3 Consumidors<\/title>\n<meta name=\"robots\" content=\"index, follow, max-snippet:-1, max-image-preview:large, max-video-preview:-1\" \/>\n<link rel=\"canonical\" href=\"https:\/\/consumidors.org\/es\/producto\/bossa-unio-consumidors\/\" \/>\n<meta property=\"og:locale\" content=\"es_ES\" \/>\n<meta property=\"og:type\" content=\"article\" \/>\n<meta property=\"og:title\" content=\"Bossa Uni\u00f3 Consumidors - Uni\u00f3 Consumidors\" \/>\n<meta property=\"og:description\" content=\"Bossa promocional d&#8217;Uni\u00f3 de Consumidors\" \/>\n<meta property=\"og:url\" content=\"https:\/\/consumidors.org\/es\/producto\/bossa-unio-consumidors\/\" \/>\n<meta property=\"og:site_name\" content=\"Uni\u00f3 Consumidors\" \/>\n<meta property=\"og:image\" content=\"https:\/\/consumidors.org\/wp-content\/uploads\/2025\/07\/Bolsa.png\" \/>\n\t<meta property=\"og:image:width\" content=\"400\" \/>\n\t<meta property=\"og:image:height\" content=\"400\" \/>\n\t<meta property=\"og:image:type\" content=\"image\/png\" \/>\n<meta name=\"twitter:card\" content=\"summary_large_image\" \/>\n<!-- \/ Yoast SEO plugin. -->","yoast_head_json":{"title":"Bossa Uni\u00f3 Consumidors - Uni\u00f3 Consumidors","robots":{"index":"index","follow":"follow","max-snippet":"max-snippet:-1","max-image-preview":"max-image-preview:large","max-video-preview":"max-video-preview:-1"},"canonical":"https:\/\/consumidors.org\/es\/producto\/bossa-unio-consumidors\/","og_locale":"es_ES","og_type":"article","og_title":"Bossa Uni\u00f3 Consumidors - Uni\u00f3 Consumidors","og_description":"Bossa promocional d&#8217;Uni\u00f3 de Consumidors","og_url":"https:\/\/consumidors.org\/es\/producto\/bossa-unio-consumidors\/","og_site_name":"Uni\u00f3 Consumidors","og_image":[{"width":400,"height":400,"url":"https:\/\/consumidors.org\/wp-content\/uploads\/2025\/07\/Bolsa.png","type":"image\/png"}],"twitter_card":"summary_large_image","schema":{"@context":"https:\/\/schema.org","@graph":[{"@type":"WebPage","@id":"https:\/\/consumidors.org\/es\/producto\/bossa-unio-consumidors\/","url":"https:\/\/consumidors.org\/es\/producto\/bossa-unio-consumidors\/","name":"Bossa Uni\u00f3 Consumidors - Uni\u00f3 Consumidors","isPartOf":{"@id":"https:\/\/consumidors.org\/es\/#website"},"primaryImageOfPage":{"@id":"https:\/\/consumidors.org\/es\/producto\/bossa-unio-consumidors\/#primaryimage"},"image":{"@id":"https:\/\/consumidors.org\/es\/producto\/bossa-unio-consumidors\/#primaryimage"},"thumbnailUrl":"https:\/\/consumidors.org\/wp-content\/uploads\/2025\/07\/Bolsa.png","datePublished":"2025-07-28T11:12:55+00:00","breadcrumb":{"@id":"https:\/\/consumidors.org\/es\/producto\/bossa-unio-consumidors\/#breadcrumb"},"inLanguage":"es","potentialAction":[{"@type":"ReadAction","target":["https:\/\/consumidors.org\/es\/producto\/bossa-unio-consumidors\/"]}]},{"@type":"ImageObject","inLanguage":"es","@id":"https:\/\/consumidors.org\/es\/producto\/bossa-unio-consumidors\/#primaryimage","url":"https:\/\/consumidors.org\/wp-content\/uploads\/2025\/07\/Bolsa.png","contentUrl":"https:\/\/consumidors.org\/wp-content\/uploads\/2025\/07\/Bolsa.png","width":400,"height":400},{"@type":"BreadcrumbList","@id":"https:\/\/consumidors.org\/es\/producto\/bossa-unio-consumidors\/#breadcrumb","itemListElement":[{"@type":"ListItem","position":1,"name":"Inici","item":"https:\/\/consumidors.org\/es\/"},{"@type":"ListItem","position":2,"name":"Botiga","item":"https:\/\/consumidors.org\/botiga\/"},{"@type":"ListItem","position":3,"name":"Bossa Uni\u00f3 Consumidors"}]},{"@type":"WebSite","@id":"https:\/\/consumidors.org\/es\/#website","url":"https:\/\/consumidors.org\/es\/","name":"Uni\u00f3 Consumidors","description":"","publisher":{"@id":"https:\/\/consumidors.org\/es\/#organization"},"potentialAction":[{"@type":"SearchAction","target":{"@type":"EntryPoint","urlTemplate":"https:\/\/consumidors.org\/es\/?s={search_term_string}"},"query-input":{"@type":"PropertyValueSpecification","valueRequired":true,"valueName":"search_term_string"}}],"inLanguage":"es"},{"@type":"Organization","@id":"https:\/\/consumidors.org\/es\/#organization","name":"Uni\u00f3 Consumidors","url":"https:\/\/consumidors.org\/es\/","logo":{"@type":"ImageObject","inLanguage":"es","@id":"https:\/\/consumidors.org\/es\/#\/schema\/logo\/image\/","url":"https:\/\/consumidors.org\/wp-content\/uploads\/2025\/04\/logo.jpg","contentUrl":"https:\/\/consumidors.org\/wp-content\/uploads\/2025\/04\/logo.jpg","width":600,"height":264,"caption":"Uni\u00f3 Consumidors"},"image":{"@id":"https:\/\/consumidors.org\/es\/#\/schema\/logo\/image\/"}}]}},"_links":{"self":[{"href":"https:\/\/consumidors.org\/es\/wp-json\/wp\/v2\/product\/45349","targetHints":{"allow":["GET"]}}],"collection":[{"href":"https:\/\/consumidors.org\/es\/wp-json\/wp\/v2\/product"}],"about":[{"href":"https:\/\/consumidors.org\/es\/wp-json\/wp\/v2\/types\/product"}],"replies":[{"embeddable":true,"href":"https:\/\/consumidors.org\/es\/wp-json\/wp\/v2\/comments?post=45349"}],"wp:featuredmedia":[{"embeddable":true,"href":"https:\/\/consumidors.org\/es\/wp-json\/wp\/v2\/media\/45350"}],"wp:attachment":[{"href":"https:\/\/consumidors.org\/es\/wp-json\/wp\/v2\/media?parent=45349"}],"wp:term":[{"taxonomy":"product_brand","embeddable":true,"href":"https:\/\/consumidors.org\/es\/wp-json\/wp\/v2\/product_brand?post=45349"},{"taxonomy":"product_cat","embeddable":true,"href":"https:\/\/consumidors.org\/es\/wp-json\/wp\/v2\/product_cat?post=45349"},{"taxonomy":"product_tag","embeddable":true,"href":"https:\/\/consumidors.org\/es\/wp-json\/wp\/v2\/product_tag?post=45349"}],"curies":[{"name":"wp","href":"https:\/\/api.w.org\/{rel}","templated":true}]}}